{"id":6274,"date":"2024-07-23T07:18:06","date_gmt":"2024-07-23T07:18:06","guid":{"rendered":"https:\/\/sawadsky-media.de\/?page_id=6274"},"modified":"2024-07-23T07:27:20","modified_gmt":"2024-07-23T07:27:20","slug":"kein-titel","status":"publish","type":"page","link":"https:\/\/sawadsky-media.de\/?page_id=6274","title":{"rendered":"Impressum"},"content":{"rendered":"\n\n\t<p><b>Sawadsky Media<\/b><\/p>\n<p><b>Hermannstr. 63b<\/b><\/p>\n<p><b>33813 Oerlinghausen<\/b><\/p>\n<p><b>Telefon:<\/b>\u00a00152\/33741013<\/p>\n<p><b>E-Mail:<\/b>\u00a0patrick@sawadsky-media.de<\/p>\n<p><b>Umsatzsteuer-ID:<\/b><\/p>\n<p>Umsatzsteuer-Identifikationsnummer nach \u00a727a Umsatzsteuergesetz:<\/p>\n<p>313 5340 3052<\/p>\n<p><b>Bildrechte:<\/b><\/p>\n<p>\u00a9 Patrick Sawadsky<\/p>\n<p><b>Beschwerden \/ Streitschlichtung<\/b><\/p>\n<p>Ab dem 15. Februar 2016 stellt die EU-Kommission eine Plattform f\u00fcr au\u00dfergerichtliche Streitschlichtungen bereit. Verbrauchern gibt dies die M\u00f6glichkeit, Streitigkeiten im Zusammenhang mit ihrer Online-Bestellung zun\u00e4chst ohne die Einschaltung eines Gerichts zu kl\u00e4ren. Die Streitbeilegungs-Plattform ist unter dem externen Link http:\/\/ec.europa.eu\/consumers\/odr\/ erreichbar. Unsere E-Mail f\u00fcr Verbraucherbeschwerden lautet:\u00a0<b>patrick@sawadsky-media.de<\/b><\/p>\n<p><b>Nichtteilnahme an einem Streitbeilegungsverfahren<\/b><\/p>\n<p>Wir sind weder bereit noch verpflichtet, an einem Streitbeilegungsverfahren vor einer Verbraucherschlichtungsstelle teilzunehmen.<\/p>\n<p><b>Haftungsausschluss<\/b><\/p>\n<p><b>1. Inhalt des Onlineangebotes<\/b><\/p>\n<p>Der Autor \u00fcbernimmt keinerlei Gew\u00e4hr f\u00fcr die Aktualit\u00e4t, Korrektheit, Vollst\u00e4ndigkeit oder Qualit\u00e4t der bereitgestellten Informationen. Haftungsanspr\u00fcche gegen den Autor, welche sich auf Sch\u00e4den materieller oder ideeller Art beziehen, die durch die Nutzung oder Nichtnutzung der dargebotenen Informationen bzw. durch die Nutzung fehlerhafter und unvollst\u00e4ndiger Informationen verursacht wurden sind grunds\u00e4tzlich ausgeschlossen, sofern seitens des Autors kein nachweislich vors\u00e4tzliches oder grob fahrl\u00e4ssiges Verschulden vorliegt. Alle Angebote sind freibleibend und unverbindlich. Der Autor beh\u00e4lt es sich ausdr\u00fccklich vor, Teile der Seiten oder das gesamte Angebot ohne gesonderte Ank\u00fcndigung zu ver\u00e4ndern, zu erg\u00e4nzen, zu l\u00f6schen oder die Ver\u00f6ffentlichung zeitweise oder endg\u00fcltig einzustellen.<\/p>\n<p><b>2. Urheber- und Kennzeichenrecht<\/b><\/p>\n<p>Der Autor ist bestrebt, in allen Publikationen die Urheberrechte der verwendeten Grafiken, Tondokumenten, Videosequenzen und Texte zu beachten, von ihm selbst erstelle Grafiken, Tondokumente, Videosequenzen und Texte zu nutzen oder auf lizenzfreie Grafiken, Tondokumente, Videosequenzen und Texte zur\u00fcckzugreifen. Alle innerhalb des Internetangebotes genannten und ggf. durch Dritte gesch\u00fctzten Marken- und Warenzeichen unterliegen uneingeschr\u00e4nkt den Bestimmungen des jeweils g\u00fcltigen Kennzeichenrechts und den Besitzrechten der jeweiligen eingetragenen Eigent\u00fcmer. Allein aufgrund der blo\u00dfen Nennung ist nicht der Schluss zu ziehen, dass Markenzeichen nicht durch Rechte Dritter gesch\u00fctzt sind! Das Copyright f\u00fcr ver\u00f6ffentlichte, vom Autor selbst erstellte Objekte bleibt allein dem Autor der Seiten. Eine Vervielf\u00e4ltigung oder Verwendung solcher Grafiken, Tondokumenten, Videosequenzen und Texte in anderen elektronischen oder gedruckten Publikationen ist ohne ausdr\u00fcckliche Zustimmung des Autors nicht gestattet.<\/p>\n<p><b>3. Rechtswirksamkeit dieses Haftungsausschlusses<\/b><\/p>\n<p>Dieser Haftungsausschluss ist als Teil des Internetangebotes zu betrachten, von dem aus auf diese Seite verwiesen wurde. Sofern Teile oder einzelne Formulierungen dieses Textes der geltenden Rechtslage nicht, nicht mehr oder nicht vollst\u00e4ndig entsprechen sollten, bleiben die \u00fcbrigen Teile des Dokumentes in ihrem Inhalt und ihrer G\u00fcltigkeit davon unber\u00fchrt.<\/p>\n\n","protected":false},"excerpt":{"rendered":"<p>Sawadsky Media Hermannstr. 63b 33813 Oerlinghausen Telefon:\u00a00152\/33741013 E-Mail:\u00a0patrick@sawadsky-media.de Umsatzsteuer-ID: Umsatzsteuer-Identifikationsnummer nach \u00a727a Umsatzsteuergesetz: 313 5340 3052 Bildrechte: \u00a9 Patrick Sawadsky Beschwerden \/ Streitschlichtung Ab dem 15. Februar 2016 stellt die EU-Kommission eine Plattform f\u00fcr au\u00dfergerichtliche Streitschlichtungen bereit. Verbrauchern gibt dies die M\u00f6glichkeit, Streitigkeiten im Zusammenhang mit ihrer Online-Bestellung zun\u00e4chst ohne [&hellip;]<\/p>\n","protected":false},"author":1,"featured_media":0,"parent":0,"menu_order":0,"comment_status":"closed","ping_status":"closed","template":"","meta":{"footnotes":""},"class_list":["post-6274","page","type-page","status-publish","hentry"],"_links":{"self":[{"href":"https:\/\/sawadsky-media.de\/index.php?rest_route=\/wp\/v2\/pages\/6274","targetHints":{"allow":["GET"]}}],"collection":[{"href":"https:\/\/sawadsky-media.de\/index.php?rest_route=\/wp\/v2\/pages"}],"about":[{"href":"https:\/\/sawadsky-media.de\/index.php?rest_route=\/wp\/v2\/types\/page"}],"author":[{"embeddable":true,"href":"https:\/\/sawadsky-media.de\/index.php?rest_route=\/wp\/v2\/users\/1"}],"replies":[{"embeddable":true,"href":"https:\/\/sawadsky-media.de\/index.php?rest_route=%2Fwp%2Fv2%2Fcomments&post=6274"}],"version-history":[{"count":4,"href":"https:\/\/sawadsky-media.de\/index.php?rest_route=\/wp\/v2\/pages\/6274\/revisions"}],"predecessor-version":[{"id":6279,"href":"https:\/\/sawadsky-media.de\/index.php?rest_route=\/wp\/v2\/pages\/6274\/revisions\/6279"}],"wp:attachment":[{"href":"https:\/\/sawadsky-media.de\/index.php?rest_route=%2Fwp%2Fv2%2Fmedia&parent=6274"}],"curies":[{"name":"wp","href":"https:\/\/api.w.org\/{rel}","templated":true}]}}